{"id":5344,"date":"2025-11-20T22:44:08","date_gmt":"2025-11-20T22:44:08","guid":{"rendered":"https:\/\/tecsir.com\/?page_id=5344"},"modified":"2025-11-20T22:51:53","modified_gmt":"2025-11-20T22:51:53","slug":"politica-de-calidad","status":"publish","type":"page","link":"https:\/\/tecsir.com\/en\/politica-de-calidad\/","title":{"rendered":"Quality policy"},"content":{"rendered":"<div data-elementor-type=\"wp-page\" data-elementor-id=\"5344\" class=\"elementor elementor-5344\" data-elementor-post-type=\"page\">\n\t\t\t\t\t\t<section class=\"elementor-section elementor-top-section elementor-element elementor-element-a27ade1 elementor-section-full_width elementor-section-height-default elementor-section-height-default\" data-id=\"a27ade1\" data-element_type=\"section\" data-settings=\"{&quot;background_background&quot;:&quot;classic&quot;,&quot;background_motion_fx_motion_fx_scrolling&quot;:&quot;yes&quot;,&quot;background_motion_fx_translateY_effect&quot;:&quot;yes&quot;,&quot;background_motion_fx_translateY_speed&quot;:{&quot;unit&quot;:&quot;px&quot;,&quot;size&quot;:5.5,&quot;sizes&quot;:[]},&quot;background_motion_fx_translateY_affectedRange&quot;:{&quot;unit&quot;:&quot;%&quot;,&quot;size&quot;:&quot;&quot;,&quot;sizes&quot;:{&quot;start&quot;:15,&quot;end&quot;:86}},&quot;background_motion_fx_devices&quot;:[&quot;desktop&quot;,&quot;tablet&quot;,&quot;mobile&quot;]}\">\n\t\t\t\t\t\t<div class=\"elementor-container elementor-column-gap-wider\">\n\t\t\t\t\t<div class=\"elementor-column elementor-col-100 elementor-top-column elementor-element elementor-element-7b18eda\" data-id=\"7b18eda\" data-element_type=\"column\">\n\t\t\t<div class=\"elementor-widget-wrap elementor-element-populated\">\n\t\t\t\t\t\t<div class=\"elementor-element elementor-element-37f4f3d elementor-widget__width-initial elementor-widget elementor-widget-heading\" data-id=\"37f4f3d\" data-element_type=\"widget\" data-widget_type=\"heading.default\">\n\t\t\t\t<div class=\"elementor-widget-container\">\n\t\t\t\t\t<h2 class=\"elementor-heading-title elementor-size-default\">Quality Policy<\/h2>\t\t\t\t<\/div>\n\t\t\t\t<\/div>\n\t\t\t\t<section class=\"elementor-section elementor-inner-section elementor-element elementor-element-f575cd6 elementor-section-full_width elementor-section-height-default elementor-section-height-default\" data-id=\"f575cd6\" data-element_type=\"section\">\n\t\t\t\t\t\t<div class=\"elementor-container elementor-column-gap-default\">\n\t\t\t\t\t<div class=\"elementor-column elementor-col-100 elementor-inner-column elementor-element elementor-element-139dc2a\" data-id=\"139dc2a\" data-element_type=\"column\">\n\t\t\t<div class=\"elementor-widget-wrap elementor-element-populated\">\n\t\t\t\t\t\t<div class=\"elementor-element elementor-element-ee780ee elementor-widget elementor-widget-text-editor\" data-id=\"ee780ee\" data-element_type=\"widget\" data-widget_type=\"text-editor.default\">\n\t\t\t\t<div class=\"elementor-widget-container\">\n\t\t\t\t\t\t\t\t\t<p>At Grupo TECSIR we are committed to designing, manufacturing, marketing and providing services for high-tech air conditioning and refrigeration equipment, meeting the requirements of customers, authorities, employees, suppliers, customs agencies and regulatory bodies, using innovation, continuous improvement and developing staff based on a quality management system.<\/p><p><strong>Ing. Donald Hay<\/strong><br \/><strong>Chief Executive Officer<\/strong><\/p>\t\t\t\t\t\t\t\t<\/div>\n\t\t\t\t<\/div>\n\t\t\t\t\t<\/div>\n\t\t<\/div>\n\t\t\t\t\t<\/div>\n\t\t<\/section>\n\t\t\t\t\t<\/div>\n\t\t<\/div>\n\t\t\t\t\t<\/div>\n\t\t<\/section>\n\t\t\t\t<\/div>","protected":false},"excerpt":{"rendered":"<p>Pol\u00edtica de Calidad En Grupo TECSIR nos comprometemos a dise\u00f1ar, fabricar, comercializar y brindar servicios para equipos de aire acondicionado y refrigeraci\u00f3n de alta tecnolog\u00eda, dando<span class=\"excerpt-hellip\"> [\u2026]<\/span><\/p>","protected":false},"author":1,"featured_media":-1,"parent":0,"menu_order":0,"comment_status":"closed","ping_status":"closed","template":"elementor_header_footer","meta":{"_joinchat":[],"footnotes":""},"class_list":["post-5344","page","type-page","status-publish","has-post-thumbnail","hentry"],"yoast_head":"<!-- This site is optimized with the Yoast SEO plugin v27.2 - https:\/\/yoast.com\/product\/yoast-seo-wordpress\/ -->\n<title>Pol\u00edtica de calidad - Grupo Tecsir<\/title>\n<meta name=\"robots\" content=\"index, follow, max-snippet:-1, max-image-preview:large, max-video-preview:-1\" \/>\n<link rel=\"canonical\" href=\"https:\/\/tecsir.com\/en\/politica-de-calidad\/\" \/>\n<meta property=\"og:locale\" content=\"en_US\" \/>\n<meta property=\"og:type\" content=\"article\" \/>\n<meta property=\"og:title\" content=\"Pol\u00edtica de calidad - Grupo Tecsir\" \/>\n<meta property=\"og:description\" content=\"Pol\u00edtica de Calidad En Grupo TECSIR nos comprometemos a dise\u00f1ar, fabricar, comercializar y brindar servicios para equipos de aire acondicionado y refrigeraci\u00f3n de alta tecnolog\u00eda, dando [\u2026]\" \/>\n<meta property=\"og:url\" content=\"https:\/\/tecsir.com\/en\/politica-de-calidad\/\" \/>\n<meta property=\"og:site_name\" content=\"Grupo Tecsir\" \/>\n<meta property=\"article:modified_time\" content=\"2025-11-20T22:51:53+00:00\" \/>\n<meta name=\"twitter:card\" content=\"summary_large_image\" \/>\n<script type=\"application\/ld+json\" class=\"yoast-schema-graph\">{\"@context\":\"https:\/\/schema.org\",\"@graph\":[{\"@type\":\"WebPage\",\"@id\":\"https:\/\/tecsir.com\/politica-de-calidad\/\",\"url\":\"https:\/\/tecsir.com\/politica-de-calidad\/\",\"name\":\"Pol\u00edtica de calidad - Grupo Tecsir\",\"isPartOf\":{\"@id\":\"https:\/\/tecsir.com\/#website\"},\"datePublished\":\"2025-11-20T22:44:08+00:00\",\"dateModified\":\"2025-11-20T22:51:53+00:00\",\"breadcrumb\":{\"@id\":\"https:\/\/tecsir.com\/politica-de-calidad\/#breadcrumb\"},\"inLanguage\":\"en-US\",\"potentialAction\":[{\"@type\":\"ReadAction\",\"target\":[\"https:\/\/tecsir.com\/politica-de-calidad\/\"]}]},{\"@type\":\"BreadcrumbList\",\"@id\":\"https:\/\/tecsir.com\/politica-de-calidad\/#breadcrumb\",\"itemListElement\":[{\"@type\":\"ListItem\",\"position\":1,\"name\":\"Inicio\",\"item\":\"https:\/\/tecsir.com\/\"},{\"@type\":\"ListItem\",\"position\":2,\"name\":\"Pol\u00edtica de calidad\"}]},{\"@type\":\"WebSite\",\"@id\":\"https:\/\/tecsir.com\/#website\",\"url\":\"https:\/\/tecsir.com\/\",\"name\":\"Grupo Tecsir\",\"description\":\"Venta y Renta de Chillers\",\"publisher\":{\"@id\":\"https:\/\/tecsir.com\/#organization\"},\"potentialAction\":[{\"@type\":\"SearchAction\",\"target\":{\"@type\":\"EntryPoint\",\"urlTemplate\":\"https:\/\/tecsir.com\/?s={search_term_string}\"},\"query-input\":{\"@type\":\"PropertyValueSpecification\",\"valueRequired\":true,\"valueName\":\"search_term_string\"}}],\"inLanguage\":\"en-US\"},{\"@type\":\"Organization\",\"@id\":\"https:\/\/tecsir.com\/#organization\",\"name\":\"Grupo Tecsir\",\"url\":\"https:\/\/tecsir.com\/\",\"logo\":{\"@type\":\"ImageObject\",\"inLanguage\":\"en-US\",\"@id\":\"https:\/\/tecsir.com\/#\/schema\/logo\/image\/\",\"url\":\"https:\/\/tecsir.com\/wp-content\/uploads\/2025\/08\/Logo-Tecsir.png\",\"contentUrl\":\"https:\/\/tecsir.com\/wp-content\/uploads\/2025\/08\/Logo-Tecsir.png\",\"width\":176,\"height\":80,\"caption\":\"Grupo Tecsir\"},\"image\":{\"@id\":\"https:\/\/tecsir.com\/#\/schema\/logo\/image\/\"}}]}<\/script>\n<!-- \/ Yoast SEO plugin. -->","yoast_head_json":{"title":"Pol\u00edtica de calidad - Grupo Tecsir","robots":{"index":"index","follow":"follow","max-snippet":"max-snippet:-1","max-image-preview":"max-image-preview:large","max-video-preview":"max-video-preview:-1"},"canonical":"https:\/\/tecsir.com\/en\/politica-de-calidad\/","og_locale":"en_US","og_type":"article","og_title":"Pol\u00edtica de calidad - Grupo Tecsir","og_description":"Pol\u00edtica de Calidad En Grupo TECSIR nos comprometemos a dise\u00f1ar, fabricar, comercializar y brindar servicios para equipos de aire acondicionado y refrigeraci\u00f3n de alta tecnolog\u00eda, dando [\u2026]","og_url":"https:\/\/tecsir.com\/en\/politica-de-calidad\/","og_site_name":"Grupo Tecsir","article_modified_time":"2025-11-20T22:51:53+00:00","twitter_card":"summary_large_image","schema":{"@context":"https:\/\/schema.org","@graph":[{"@type":"WebPage","@id":"https:\/\/tecsir.com\/politica-de-calidad\/","url":"https:\/\/tecsir.com\/politica-de-calidad\/","name":"Pol\u00edtica de calidad - Grupo Tecsir","isPartOf":{"@id":"https:\/\/tecsir.com\/#website"},"datePublished":"2025-11-20T22:44:08+00:00","dateModified":"2025-11-20T22:51:53+00:00","breadcrumb":{"@id":"https:\/\/tecsir.com\/politica-de-calidad\/#breadcrumb"},"inLanguage":"en-US","potentialAction":[{"@type":"ReadAction","target":["https:\/\/tecsir.com\/politica-de-calidad\/"]}]},{"@type":"BreadcrumbList","@id":"https:\/\/tecsir.com\/politica-de-calidad\/#breadcrumb","itemListElement":[{"@type":"ListItem","position":1,"name":"Inicio","item":"https:\/\/tecsir.com\/"},{"@type":"ListItem","position":2,"name":"Pol\u00edtica de calidad"}]},{"@type":"WebSite","@id":"https:\/\/tecsir.com\/#website","url":"https:\/\/tecsir.com\/","name":"Grupo Tecsir","description":"Venta y Renta de Chillers","publisher":{"@id":"https:\/\/tecsir.com\/#organization"},"potentialAction":[{"@type":"SearchAction","target":{"@type":"EntryPoint","urlTemplate":"https:\/\/tecsir.com\/?s={search_term_string}"},"query-input":{"@type":"PropertyValueSpecification","valueRequired":true,"valueName":"search_term_string"}}],"inLanguage":"en-US"},{"@type":"Organization","@id":"https:\/\/tecsir.com\/#organization","name":"Grupo Tecsir","url":"https:\/\/tecsir.com\/","logo":{"@type":"ImageObject","inLanguage":"en-US","@id":"https:\/\/tecsir.com\/#\/schema\/logo\/image\/","url":"https:\/\/tecsir.com\/wp-content\/uploads\/2025\/08\/Logo-Tecsir.png","contentUrl":"https:\/\/tecsir.com\/wp-content\/uploads\/2025\/08\/Logo-Tecsir.png","width":176,"height":80,"caption":"Grupo Tecsir"},"image":{"@id":"https:\/\/tecsir.com\/#\/schema\/logo\/image\/"}}]}},"_links":{"self":[{"href":"https:\/\/tecsir.com\/en\/wp-json\/wp\/v2\/pages\/5344","targetHints":{"allow":["GET"]}}],"collection":[{"href":"https:\/\/tecsir.com\/en\/wp-json\/wp\/v2\/pages"}],"about":[{"href":"https:\/\/tecsir.com\/en\/wp-json\/wp\/v2\/types\/page"}],"author":[{"embeddable":true,"href":"https:\/\/tecsir.com\/en\/wp-json\/wp\/v2\/users\/1"}],"replies":[{"embeddable":true,"href":"https:\/\/tecsir.com\/en\/wp-json\/wp\/v2\/comments?post=5344"}],"version-history":[{"count":5,"href":"https:\/\/tecsir.com\/en\/wp-json\/wp\/v2\/pages\/5344\/revisions"}],"predecessor-version":[{"id":5374,"href":"https:\/\/tecsir.com\/en\/wp-json\/wp\/v2\/pages\/5344\/revisions\/5374"}],"wp:featuredmedia":[{"embeddable":true,"href":"https:\/\/tecsir.com\/en\/wp-json\/"}],"wp:attachment":[{"href":"https:\/\/tecsir.com\/en\/wp-json\/wp\/v2\/media?parent=5344"}],"curies":[{"name":"wp","href":"https:\/\/api.w.org\/{rel}","templated":true}]}}