{"id":5343,"date":"2025-11-20T22:44:13","date_gmt":"2025-11-20T22:44:13","guid":{"rendered":"https:\/\/tecsir.com\/?page_id=5343"},"modified":"2025-11-20T22:51:38","modified_gmt":"2025-11-20T22:51:38","slug":"politica-de-devolucion","status":"publish","type":"page","link":"https:\/\/tecsir.com\/en\/politica-de-devolucion\/","title":{"rendered":"Return Policy"},"content":{"rendered":"<div data-elementor-type=\"wp-page\" data-elementor-id=\"5343\" class=\"elementor elementor-5343\" data-elementor-post-type=\"page\">\n\t\t\t\t\t\t<section class=\"elementor-section elementor-top-section elementor-element elementor-element-fd94627 elementor-section-full_width elementor-section-height-default elementor-section-height-default\" data-id=\"fd94627\" data-element_type=\"section\" data-settings=\"{&quot;background_background&quot;:&quot;classic&quot;,&quot;background_motion_fx_motion_fx_scrolling&quot;:&quot;yes&quot;,&quot;background_motion_fx_translateY_effect&quot;:&quot;yes&quot;,&quot;background_motion_fx_translateY_speed&quot;:{&quot;unit&quot;:&quot;px&quot;,&quot;size&quot;:5.5,&quot;sizes&quot;:[]},&quot;background_motion_fx_translateY_affectedRange&quot;:{&quot;unit&quot;:&quot;%&quot;,&quot;size&quot;:&quot;&quot;,&quot;sizes&quot;:{&quot;start&quot;:15,&quot;end&quot;:86}},&quot;background_motion_fx_devices&quot;:[&quot;desktop&quot;,&quot;tablet&quot;,&quot;mobile&quot;]}\">\n\t\t\t\t\t\t<div class=\"elementor-container elementor-column-gap-wider\">\n\t\t\t\t\t<div class=\"elementor-column elementor-col-100 elementor-top-column elementor-element elementor-element-0664938\" data-id=\"0664938\" data-element_type=\"column\">\n\t\t\t<div class=\"elementor-widget-wrap elementor-element-populated\">\n\t\t\t\t\t\t<div class=\"elementor-element elementor-element-ab56cca elementor-widget__width-initial elementor-widget elementor-widget-heading\" data-id=\"ab56cca\" data-element_type=\"widget\" data-widget_type=\"heading.default\">\n\t\t\t\t<div class=\"elementor-widget-container\">\n\t\t\t\t\t<h2 class=\"elementor-heading-title elementor-size-default\">Cancellation, Return and Refund Policy<\/h2>\t\t\t\t<\/div>\n\t\t\t\t<\/div>\n\t\t\t\t<section class=\"elementor-section elementor-inner-section elementor-element elementor-element-f61442b elementor-section-full_width elementor-section-height-default elementor-section-height-default\" data-id=\"f61442b\" data-element_type=\"section\">\n\t\t\t\t\t\t<div class=\"elementor-container elementor-column-gap-default\">\n\t\t\t\t\t<div class=\"elementor-column elementor-col-100 elementor-inner-column elementor-element elementor-element-8d2b41a\" data-id=\"8d2b41a\" data-element_type=\"column\">\n\t\t\t<div class=\"elementor-widget-wrap elementor-element-populated\">\n\t\t\t\t\t\t<div class=\"elementor-element elementor-element-7aa1160 elementor-widget elementor-widget-text-editor\" data-id=\"7aa1160\" data-element_type=\"widget\" data-widget_type=\"text-editor.default\">\n\t\t\t\t<div class=\"elementor-widget-container\">\n\t\t\t\t\t\t\t\t\t<p><b>CANCELLATION OF THE PURCHASE OF PRODUCTS<\/b><\/p><p>The User may cancel the purchase of Products made through the Website, provided that the Products purchased have not left the offices of TECNOLOGIA EN SISTEMAS DE REFRIGERACION S.A. DE C.V. or its suppliers, that is, within the next 24 hours after having made and effected the payment. In the event that the Products have already been sent by TECNOLOGIA EN SISTEMAS DE REFRIGERACION S.A. DE C.V. or its suppliers, the User may not cancel the purchase made, and will have to follow the procedure presented in the \u201cReturns\u201d section of this cancellation, return and refund policy. The User may check the status of the purchase made by contacting the customer service center of TECNOLOGIA EN SISTEMAS DE REFRIGERACION S.A. DE C.V. In the event of cancellation of the purchase made by the User, the amount paid by the User will be refunded in accordance with the \u201cRefunds\u201d section of this cancellation, return and refund policy.<\/p><p><b>RETURNS<\/b><\/p><p>Return Conditions: The User may return products purchased through the Website, provided that:<\/p><ul class=\"wp-block-list\"><li>\u00a0Request a return within 7 calendar days of the delivery date, and exclusively for defective products, within the warranty period specified for the purchased products.<\/li><li>The product(s) must be in the same condition as when they were delivered to the User and, to the extent possible, must be in the original packaging and labeling, or alternatively in a similar format that guarantees their return in perfect condition.\u00a0<\/li><\/ul><p>The return conditions will be subject to the criteria of the customer service center of TECNOLOGIA EN SISTEMAS DE REFRIGERACION S.A. DE C.V., for which reason it may request physical, digital or electronic evidence to validate the condition of the product. Return Process: The return process for the Products will be as follows: The User must contact the customer service center of TECNOLOGIA EN SISTEMAS DE REFRIGERACION S.A. DE C.V. within the established period requesting the return of the products and providing, first and last name, order number, names of products to be returned, address where the products will be collected. In the event that the return is due to the fact that the product(s) are defective or is a different product from the one purchased through the Website, the User must also express this circumstance, as well as mention, where applicable, the defects of the products, (hereinafter the \"Return Request\"). Once the Return Request has been approved, TECNOLOGIA EN SISTEMAS DE REFRIGERACION S.A. DE C.V. may send the User a shipping guide through the corresponding shipping company, as well as schedule the date on which the shipping company will pick up the products from the address provided by the User. The User must, where applicable, pack the product in its original box or packaging, print and deliver the guide, as well as the products in their original packaging or box, to the shipping company on the scheduled date.\u00a0<\/p><p><b>REFUNDS<\/b><\/p><p>If payment was made by debit or credit card, the refund will be issued via a chargeback to the same card used. If payment was made by other means, the refund will be issued via a bank transfer to the User's account. The User will be reimbursed for the cost of the returned products plus the shipping cost paid by the User. TECNOLOGIA EN SISTEMAS DE REFRIGERACION S.A. DE C.V. is not and will not be responsible for the costs incurred by returns made without following the steps established in the procedure presented in the \"Returns\" section.\u00a0<\/p><p>Term for refunds in case of cancellation; In case of cancellation of the purchase made by the User in accordance with the section \u201cCancellation of the purchase of products\u201d of these Terms and Conditions, TECNOLOGIA EN SISTEMAS DE REFRIGERACION S.A. DE C.V. must request the User to reimburse the total amount paid by the User within 10 calendar days from the date of cancellation of the User's purchase. Term for refunds in case of return; Once the products returned by the User have been received, TECNOLOGIA EN SISTEMAS DE REFRIGERACION S.A. DE C.V. will review the returned products. In the event that the products received comply with the characteristics established in point 2 of the section \u201cReturn Conditions\u201d, the Company will have the obligation to return the money paid by the User within 10 calendar days from the day on which TECNOLOGIA EN SISTEMAS DE REFRIGERACION S.A. DE C.V. received the returned products.<\/p><p><b>WARRANTY<\/b><\/p><p>El Vendedor garantiza al Comprador que los productos fabricados est\u00e1n libres de defectos de material y mano de obra durante un per\u00edodo de un (1) a\u00f1o a partir de la fecha de env\u00edo al Comprador. La responsabilidad del Vendedor y el recurso remedio del Comprador bajo esta garant\u00eda est\u00e1n limitados a\u00a0 reemplazo total, a elecci\u00f3n del Vendedor, de las mercanc\u00edas o partes de las mismas devueltas al Vendedor, las cuales son mostradas a satisfacci\u00f3n razonable del Vendedor como defectuosas; Siempre que el Comprador presente al Vendedor una notificaci\u00f3n escrita de defecto, incluyendo la fecha de compra original, el n\u00famero de serie y el n\u00famero de modelo, dentro de los treinta (30) d\u00edas despu\u00e9s de la identificaci\u00f3n del defecto. Los cargos de transporte por la devoluci\u00f3n de los bienes defectuosos al Vendedor y su reenv\u00edo al Comprador y el riesgo de p\u00e9rdida del mismo ser\u00e1n sufragados por el Vendedor s\u00f3lo si se devuelven de acuerdo con las instrucciones de env\u00edo por escrito del Vendedor.<\/p><p>(i) The Seller's warranty does not extend to any product that is found to have been subjected to abnormal operating conditions, unapproved modifications, the use of unapproved parts to the extent that such parts are the cause of the failure, or failure to follow the installation, operation and maintenance instructions provided by the Seller. The warranty will not be valid due to natural wear and tear of the equipment components such as: the filter cartridge and the ultraviolet light.<\/p>\t\t\t\t\t\t\t\t<\/div>\n\t\t\t\t<\/div>\n\t\t\t\t\t<\/div>\n\t\t<\/div>\n\t\t\t\t\t<\/div>\n\t\t<\/section>\n\t\t\t\t\t<\/div>\n\t\t<\/div>\n\t\t\t\t\t<\/div>\n\t\t<\/section>\n\t\t\t\t<\/div>","protected":false},"excerpt":{"rendered":"<p>Pol\u00edtica de cancelaci\u00f3n, devoluci\u00f3n y reembolso CANCELACI\u00d3N DE LA COMPRA DE LOS PRODUCTOS El Usuario podr\u00e1 cancelar la compra de Productos realizada a trav\u00e9s del Sitio<span class=\"excerpt-hellip\"> [\u2026]<\/span><\/p>","protected":false},"author":1,"featured_media":-1,"parent":0,"menu_order":0,"comment_status":"closed","ping_status":"closed","template":"elementor_header_footer","meta":{"_joinchat":[],"footnotes":""},"class_list":["post-5343","page","type-page","status-publish","has-post-thumbnail","hentry"],"yoast_head":"<!-- This site is optimized with the Yoast SEO plugin v27.2 - https:\/\/yoast.com\/product\/yoast-seo-wordpress\/ -->\n<title>Pol\u00edtica de devoluci\u00f3n - Grupo Tecsir<\/title>\n<meta name=\"robots\" content=\"index, follow, max-snippet:-1, max-image-preview:large, max-video-preview:-1\" \/>\n<link rel=\"canonical\" href=\"https:\/\/tecsir.com\/en\/politica-de-devolucion\/\" \/>\n<meta property=\"og:locale\" content=\"en_US\" \/>\n<meta property=\"og:type\" content=\"article\" \/>\n<meta property=\"og:title\" content=\"Pol\u00edtica de devoluci\u00f3n - Grupo Tecsir\" \/>\n<meta property=\"og:description\" content=\"Pol\u00edtica de cancelaci\u00f3n, devoluci\u00f3n y reembolso CANCELACI\u00d3N DE LA COMPRA DE LOS PRODUCTOS El Usuario podr\u00e1 cancelar la compra de Productos realizada a trav\u00e9s del Sitio [\u2026]\" \/>\n<meta property=\"og:url\" content=\"https:\/\/tecsir.com\/en\/politica-de-devolucion\/\" \/>\n<meta property=\"og:site_name\" content=\"Grupo Tecsir\" \/>\n<meta property=\"article:modified_time\" content=\"2025-11-20T22:51:38+00:00\" \/>\n<meta name=\"twitter:card\" content=\"summary_large_image\" \/>\n<meta name=\"twitter:label1\" content=\"Est. reading time\" \/>\n\t<meta name=\"twitter:data1\" content=\"6 minutes\" \/>\n<script type=\"application\/ld+json\" class=\"yoast-schema-graph\">{\"@context\":\"https:\/\/schema.org\",\"@graph\":[{\"@type\":\"WebPage\",\"@id\":\"https:\/\/tecsir.com\/politica-de-devolucion\/\",\"url\":\"https:\/\/tecsir.com\/politica-de-devolucion\/\",\"name\":\"Pol\u00edtica de devoluci\u00f3n - Grupo Tecsir\",\"isPartOf\":{\"@id\":\"https:\/\/tecsir.com\/#website\"},\"datePublished\":\"2025-11-20T22:44:13+00:00\",\"dateModified\":\"2025-11-20T22:51:38+00:00\",\"breadcrumb\":{\"@id\":\"https:\/\/tecsir.com\/politica-de-devolucion\/#breadcrumb\"},\"inLanguage\":\"en-US\",\"potentialAction\":[{\"@type\":\"ReadAction\",\"target\":[\"https:\/\/tecsir.com\/politica-de-devolucion\/\"]}]},{\"@type\":\"BreadcrumbList\",\"@id\":\"https:\/\/tecsir.com\/politica-de-devolucion\/#breadcrumb\",\"itemListElement\":[{\"@type\":\"ListItem\",\"position\":1,\"name\":\"Inicio\",\"item\":\"https:\/\/tecsir.com\/\"},{\"@type\":\"ListItem\",\"position\":2,\"name\":\"Pol\u00edtica de devoluci\u00f3n\"}]},{\"@type\":\"WebSite\",\"@id\":\"https:\/\/tecsir.com\/#website\",\"url\":\"https:\/\/tecsir.com\/\",\"name\":\"Grupo Tecsir\",\"description\":\"Venta y Renta de Chillers\",\"publisher\":{\"@id\":\"https:\/\/tecsir.com\/#organization\"},\"potentialAction\":[{\"@type\":\"SearchAction\",\"target\":{\"@type\":\"EntryPoint\",\"urlTemplate\":\"https:\/\/tecsir.com\/?s={search_term_string}\"},\"query-input\":{\"@type\":\"PropertyValueSpecification\",\"valueRequired\":true,\"valueName\":\"search_term_string\"}}],\"inLanguage\":\"en-US\"},{\"@type\":\"Organization\",\"@id\":\"https:\/\/tecsir.com\/#organization\",\"name\":\"Grupo Tecsir\",\"url\":\"https:\/\/tecsir.com\/\",\"logo\":{\"@type\":\"ImageObject\",\"inLanguage\":\"en-US\",\"@id\":\"https:\/\/tecsir.com\/#\/schema\/logo\/image\/\",\"url\":\"https:\/\/tecsir.com\/wp-content\/uploads\/2025\/08\/Logo-Tecsir.png\",\"contentUrl\":\"https:\/\/tecsir.com\/wp-content\/uploads\/2025\/08\/Logo-Tecsir.png\",\"width\":176,\"height\":80,\"caption\":\"Grupo Tecsir\"},\"image\":{\"@id\":\"https:\/\/tecsir.com\/#\/schema\/logo\/image\/\"}}]}<\/script>\n<!-- \/ Yoast SEO plugin. -->","yoast_head_json":{"title":"Pol\u00edtica de devoluci\u00f3n - Grupo Tecsir","robots":{"index":"index","follow":"follow","max-snippet":"max-snippet:-1","max-image-preview":"max-image-preview:large","max-video-preview":"max-video-preview:-1"},"canonical":"https:\/\/tecsir.com\/en\/politica-de-devolucion\/","og_locale":"en_US","og_type":"article","og_title":"Pol\u00edtica de devoluci\u00f3n - Grupo Tecsir","og_description":"Pol\u00edtica de cancelaci\u00f3n, devoluci\u00f3n y reembolso CANCELACI\u00d3N DE LA COMPRA DE LOS PRODUCTOS El Usuario podr\u00e1 cancelar la compra de Productos realizada a trav\u00e9s del Sitio [\u2026]","og_url":"https:\/\/tecsir.com\/en\/politica-de-devolucion\/","og_site_name":"Grupo Tecsir","article_modified_time":"2025-11-20T22:51:38+00:00","twitter_card":"summary_large_image","twitter_misc":{"Est. reading time":"6 minutes"},"schema":{"@context":"https:\/\/schema.org","@graph":[{"@type":"WebPage","@id":"https:\/\/tecsir.com\/politica-de-devolucion\/","url":"https:\/\/tecsir.com\/politica-de-devolucion\/","name":"Pol\u00edtica de devoluci\u00f3n - Grupo Tecsir","isPartOf":{"@id":"https:\/\/tecsir.com\/#website"},"datePublished":"2025-11-20T22:44:13+00:00","dateModified":"2025-11-20T22:51:38+00:00","breadcrumb":{"@id":"https:\/\/tecsir.com\/politica-de-devolucion\/#breadcrumb"},"inLanguage":"en-US","potentialAction":[{"@type":"ReadAction","target":["https:\/\/tecsir.com\/politica-de-devolucion\/"]}]},{"@type":"BreadcrumbList","@id":"https:\/\/tecsir.com\/politica-de-devolucion\/#breadcrumb","itemListElement":[{"@type":"ListItem","position":1,"name":"Inicio","item":"https:\/\/tecsir.com\/"},{"@type":"ListItem","position":2,"name":"Pol\u00edtica de devoluci\u00f3n"}]},{"@type":"WebSite","@id":"https:\/\/tecsir.com\/#website","url":"https:\/\/tecsir.com\/","name":"Grupo Tecsir","description":"Venta y Renta de Chillers","publisher":{"@id":"https:\/\/tecsir.com\/#organization"},"potentialAction":[{"@type":"SearchAction","target":{"@type":"EntryPoint","urlTemplate":"https:\/\/tecsir.com\/?s={search_term_string}"},"query-input":{"@type":"PropertyValueSpecification","valueRequired":true,"valueName":"search_term_string"}}],"inLanguage":"en-US"},{"@type":"Organization","@id":"https:\/\/tecsir.com\/#organization","name":"Grupo Tecsir","url":"https:\/\/tecsir.com\/","logo":{"@type":"ImageObject","inLanguage":"en-US","@id":"https:\/\/tecsir.com\/#\/schema\/logo\/image\/","url":"https:\/\/tecsir.com\/wp-content\/uploads\/2025\/08\/Logo-Tecsir.png","contentUrl":"https:\/\/tecsir.com\/wp-content\/uploads\/2025\/08\/Logo-Tecsir.png","width":176,"height":80,"caption":"Grupo Tecsir"},"image":{"@id":"https:\/\/tecsir.com\/#\/schema\/logo\/image\/"}}]}},"_links":{"self":[{"href":"https:\/\/tecsir.com\/en\/wp-json\/wp\/v2\/pages\/5343","targetHints":{"allow":["GET"]}}],"collection":[{"href":"https:\/\/tecsir.com\/en\/wp-json\/wp\/v2\/pages"}],"about":[{"href":"https:\/\/tecsir.com\/en\/wp-json\/wp\/v2\/types\/page"}],"author":[{"embeddable":true,"href":"https:\/\/tecsir.com\/en\/wp-json\/wp\/v2\/users\/1"}],"replies":[{"embeddable":true,"href":"https:\/\/tecsir.com\/en\/wp-json\/wp\/v2\/comments?post=5343"}],"version-history":[{"count":5,"href":"https:\/\/tecsir.com\/en\/wp-json\/wp\/v2\/pages\/5343\/revisions"}],"predecessor-version":[{"id":5371,"href":"https:\/\/tecsir.com\/en\/wp-json\/wp\/v2\/pages\/5343\/revisions\/5371"}],"wp:featuredmedia":[{"embeddable":true,"href":"https:\/\/tecsir.com\/en\/wp-json\/"}],"wp:attachment":[{"href":"https:\/\/tecsir.com\/en\/wp-json\/wp\/v2\/media?parent=5343"}],"curies":[{"name":"wp","href":"https:\/\/api.w.org\/{rel}","templated":true}]}}