{"id":5342,"date":"2025-11-20T22:44:16","date_gmt":"2025-11-20T22:44:16","guid":{"rendered":"https:\/\/tecsir.com\/?page_id=5342"},"modified":"2025-11-20T22:51:29","modified_gmt":"2025-11-20T22:51:29","slug":"aviso-de-privacidad","status":"publish","type":"page","link":"https:\/\/tecsir.com\/en\/aviso-de-privacidad\/","title":{"rendered":"Privacy Notice"},"content":{"rendered":"<div data-elementor-type=\"wp-page\" data-elementor-id=\"5342\" class=\"elementor elementor-5342\" data-elementor-post-type=\"page\">\n\t\t\t\t\t\t<section class=\"elementor-section elementor-top-section elementor-element elementor-element-a27ade1 elementor-section-full_width elementor-section-height-default elementor-section-height-default\" data-id=\"a27ade1\" data-element_type=\"section\" data-settings=\"{&quot;background_background&quot;:&quot;classic&quot;,&quot;background_motion_fx_motion_fx_scrolling&quot;:&quot;yes&quot;,&quot;background_motion_fx_translateY_effect&quot;:&quot;yes&quot;,&quot;background_motion_fx_translateY_speed&quot;:{&quot;unit&quot;:&quot;px&quot;,&quot;size&quot;:5.5,&quot;sizes&quot;:[]},&quot;background_motion_fx_translateY_affectedRange&quot;:{&quot;unit&quot;:&quot;%&quot;,&quot;size&quot;:&quot;&quot;,&quot;sizes&quot;:{&quot;start&quot;:15,&quot;end&quot;:86}},&quot;background_motion_fx_devices&quot;:[&quot;desktop&quot;,&quot;tablet&quot;,&quot;mobile&quot;]}\">\n\t\t\t\t\t\t<div class=\"elementor-container elementor-column-gap-wider\">\n\t\t\t\t\t<div class=\"elementor-column elementor-col-100 elementor-top-column elementor-element elementor-element-7b18eda\" data-id=\"7b18eda\" data-element_type=\"column\">\n\t\t\t<div class=\"elementor-widget-wrap elementor-element-populated\">\n\t\t\t\t\t\t<div class=\"elementor-element elementor-element-37f4f3d elementor-widget__width-initial elementor-widget elementor-widget-heading\" data-id=\"37f4f3d\" data-element_type=\"widget\" data-widget_type=\"heading.default\">\n\t\t\t\t<div class=\"elementor-widget-container\">\n\t\t\t\t\t<h2 class=\"elementor-heading-title elementor-size-default\">AVISO DE PRIVACIDAD<\/h2>\t\t\t\t<\/div>\n\t\t\t\t<\/div>\n\t\t\t\t<section class=\"elementor-section elementor-inner-section elementor-element elementor-element-f575cd6 elementor-section-full_width elementor-section-height-default elementor-section-height-default\" data-id=\"f575cd6\" data-element_type=\"section\">\n\t\t\t\t\t\t<div class=\"elementor-container elementor-column-gap-default\">\n\t\t\t\t\t<div class=\"elementor-column elementor-col-100 elementor-inner-column elementor-element elementor-element-139dc2a\" data-id=\"139dc2a\" data-element_type=\"column\">\n\t\t\t<div class=\"elementor-widget-wrap elementor-element-populated\">\n\t\t\t\t\t\t<div class=\"elementor-element elementor-element-ee780ee elementor-widget elementor-widget-text-editor\" data-id=\"ee780ee\" data-element_type=\"widget\" data-widget_type=\"text-editor.default\">\n\t\t\t\t<div class=\"elementor-widget-container\">\n\t\t\t\t\t\t\t\t\t<p><b>TECNOLOGIA EN SISTEMAS DE REFRIGERACION S.A. DE C.V<\/b>., con domicilio en\u00a0<b>TOPO CHICO NO.500\u00a0PARQUE INDUSTRIAL KRONOS, APODACA, NL. M\u00c9XICO C.P. 66603<\/b>\u00a0y portal de internet www.tecsir.com, es el responsable del uso y protecci\u00f3n de sus datos personales, y al respecto le informamos lo siguiente:<\/p><p><strong>I. For what purposes will we use your personal data?<\/strong><\/p><p>When you make a purchase in our online store, as part of the buying\/selling process, we collect personal information that you provide to us, such as your full name, telephone number, address, zip code, city, state, and email address.<br \/>The personal data we collect from you will be used for the following purposes that are necessary for the service you request and, additionally, we will use your personal information for the following secondary purposes that are not necessary for the requested service, but that allow us and facilitate us to provide you with better service:<br \/>1. Sale and Delivery of a product<br \/>2. Provide or improve a service<br \/>3. Marketing or advertising<br \/>4. Commercial prospecting<\/p><p>When you browse our store, we automatically receive your computer's Internet Protocol (IP) address to provide us with information that helps us learn about your browser and operating system.<\/p><p><strong>II. How can you access, rectify, or delete your personal data, or object to its use?<\/strong><\/p><p>You have the right to know what personal data we have about you, what we use it for and the conditions of use we give it (Access). You also have the right to request the correction of your personal information if it is outdated, inaccurate or incomplete (Rectification); to have it deleted from our records or databases when you consider that it is not being used appropriately (Cancellation); as well as to oppose the use of your personal data for specific purposes (Opposition). These rights are known as ARCO rights.<br \/>To exercise any of the ARCO rights, you must submit the respective request through the following means:<br \/>A trav\u00e9s de una solicitud enviada al correo electr\u00f3nico\u00a0informacion@tecsir.comt.mx.<\/p><p>The above will also serve to understand the procedure and requirements for exercising ARCO rights; however, the request to exercise these rights must contain the following information:<br \/>1. Full name of the applicant<br \/>2. Telephone<br \/>3. Content or reason for request<br \/>4. Signature<\/p><p>La respuesta a la solicitud se dar\u00e1 en 7 d\u00edas h\u00e1biles y se comunicar\u00e1 de la siguiente manera: a trav\u00e9s del correo electr\u00f3nico\u00a0informacion@tecsir.comt.mx.\u00a0<\/p><p>The contact details of the person or department of personal data, which is in charge of processing ARCO rights requests, are as follows:<br \/>1. Name of the person or department of personal data:<br \/>2. Address:<br \/>3. Email:\u00a0<\/p><p>You may revoke the consent that you have given us for the processing of your personal data. However, it is important that you bear in mind that we will not be able to respond to your request or terminate the use immediately in all cases, since it is possible that due to some legal obligation we may require to continue processing your personal data. Likewise, you should consider that for certain purposes, the revocation of your consent will imply that we cannot continue providing you with the service you requested, or the conclusion of your relationship with us.<\/p><p><strong>III. OF WOOCOMMERCE<\/strong><\/p><p>WooCommerce provides us with the online e-commerce platform that allows us to sell our products and services, as well as external payment gateways. Your data is stored through the Woocommerce data storage system and the general Woocommcerce application. The storage of your data is secure as it is protected behind a firewall, backed up through the SSL (Secure Socket Layer) protocol, which provides high-security encryption to ensure the protection of your data.<br \/>PAGO: Si elige una pasarela de pago directo para completar su compra sus datos de transacci\u00f3n de compra se almacenan s\u00f3lo el tiempo que sea necesario para completar su transacci\u00f3n de compra, esto mediante los sistemas de gesti\u00f3n de la informaci\u00f3n de cada una de las pasarelas de pago. Despu\u00e9s de que se haya completado, se eliminar\u00e1 la informaci\u00f3n. Su informaci\u00f3n de pago se cifra a trav\u00e9s del est\u00e1ndar de seguridad de datos de la industria de tarjetas de pago (PCI-DSS). Las pasarelas de pago que utilizamos en nuestro SITIO WEB cumplen con los est\u00e1ndares de seguridad PCI DSS Compliance.<br \/>PayPal puede almacenar los datos de su tarjeta de cr\u00e9dito o d\u00e9bito al crear una cuenta de usuario de PayPal al momento de realizar el pago, y asignarlos a su perfil de usuario para compras futuras. TECNOLOGIA EN SISTEMAS DE REFRIGERACION S.A. DE C.V no se hace responsable de la gesti\u00f3n de datos confidenciales que realiza PayPal durante el proceso de pago. En caso de inconformidad se puede comunicar con Servicio al Cliente de PayPal, o con el departamento correspondiente.<\/p><p><strong>IV. SECURITY<\/strong><\/p><p>To protect your personal information, we take reasonable precautions and follow industry best practices to make sure it is not inappropriately lost, misused, accessed, disclosed, altered or destroyed. If you provide us with your credit card information, the information is encrypted using Secure Socket Layer (SSL) technology and stored with a AES-256 encryption. We follow all PCI-DSS requirements and implement other generally accepted industry standards.<br \/>All direct payment gateways through TDC adhere to the standards set by PCI-DSS as managed by the PCI Security Standards Council, which is a joint effort of brands like Visa, Mastercard, American Express and Discover. PCI-DSS requirements help ensure the secure handling of credit card information by our store and its service providers.\u00a0<\/p><p><strong>V. COOKIES<\/strong><\/p><p>When you visit our site, third parties (such as advertising companies) may collect information and place cookies on your browser for advertising purposes.<br \/>Click on this link http:\/\/www.aboutads.info\/ for more information about your rights as a consumer<br \/>VI. CHANGES TO THE PRIVACY NOTICE<br \/>We reserve the right to modify this privacy policy at any time, so please review it frequently. Changes and clarifications will take effect immediately upon their posting on the website. If we make material changes to this policy, we will notify you by email that it has been updated. If our store is acquired or merged with another company, your information may be transferred to the new owners so that we may continue to sell products to you.<\/p><p>Last update<br \/>October 23, 2020 at 1:08 p.m.<\/p>\t\t\t\t\t\t\t\t<\/div>\n\t\t\t\t<\/div>\n\t\t\t\t\t<\/div>\n\t\t<\/div>\n\t\t\t\t\t<\/div>\n\t\t<\/section>\n\t\t\t\t\t<\/div>\n\t\t<\/div>\n\t\t\t\t\t<\/div>\n\t\t<\/section>\n\t\t\t\t<\/div>","protected":false},"excerpt":{"rendered":"<p>AVISO DE PRIVACIDAD TECNOLOGIA EN SISTEMAS DE REFRIGERACION S.A. DE C.V., con domicilio en\u00a0TOPO CHICO NO.500\u00a0PARQUE INDUSTRIAL KRONOS, APODACA, NL. M\u00c9XICO C.P. 66603\u00a0y portal de internet<span class=\"excerpt-hellip\"> [\u2026]<\/span><\/p>","protected":false},"author":1,"featured_media":-1,"parent":0,"menu_order":0,"comment_status":"closed","ping_status":"closed","template":"elementor_header_footer","meta":{"_joinchat":[],"footnotes":""},"class_list":["post-5342","page","type-page","status-publish","has-post-thumbnail","hentry"],"yoast_head":"<!-- This site is optimized with the Yoast SEO plugin v27.2 - https:\/\/yoast.com\/product\/yoast-seo-wordpress\/ -->\n<title>Aviso de Privacidad - Grupo Tecsir<\/title>\n<meta name=\"robots\" content=\"index, follow, max-snippet:-1, max-image-preview:large, max-video-preview:-1\" \/>\n<link rel=\"canonical\" href=\"https:\/\/tecsir.com\/en\/aviso-de-privacidad\/\" \/>\n<meta property=\"og:locale\" content=\"en_US\" \/>\n<meta property=\"og:type\" content=\"article\" \/>\n<meta property=\"og:title\" content=\"Aviso de Privacidad - Grupo Tecsir\" \/>\n<meta property=\"og:description\" content=\"AVISO DE PRIVACIDAD TECNOLOGIA EN SISTEMAS DE REFRIGERACION S.A. DE C.V., con domicilio en\u00a0TOPO CHICO NO.500\u00a0PARQUE INDUSTRIAL KRONOS, APODACA, NL. M\u00c9XICO C.P. 66603\u00a0y portal de internet [\u2026]\" \/>\n<meta property=\"og:url\" content=\"https:\/\/tecsir.com\/en\/aviso-de-privacidad\/\" \/>\n<meta property=\"og:site_name\" content=\"Grupo Tecsir\" \/>\n<meta property=\"article:modified_time\" content=\"2025-11-20T22:51:29+00:00\" \/>\n<meta name=\"twitter:card\" content=\"summary_large_image\" \/>\n<meta name=\"twitter:label1\" content=\"Est. reading time\" \/>\n\t<meta name=\"twitter:data1\" content=\"6 minutes\" \/>\n<script type=\"application\/ld+json\" class=\"yoast-schema-graph\">{\"@context\":\"https:\/\/schema.org\",\"@graph\":[{\"@type\":\"WebPage\",\"@id\":\"https:\/\/tecsir.com\/aviso-de-privacidad\/\",\"url\":\"https:\/\/tecsir.com\/aviso-de-privacidad\/\",\"name\":\"Aviso de Privacidad - Grupo Tecsir\",\"isPartOf\":{\"@id\":\"https:\/\/tecsir.com\/#website\"},\"datePublished\":\"2025-11-20T22:44:16+00:00\",\"dateModified\":\"2025-11-20T22:51:29+00:00\",\"breadcrumb\":{\"@id\":\"https:\/\/tecsir.com\/aviso-de-privacidad\/#breadcrumb\"},\"inLanguage\":\"en-US\",\"potentialAction\":[{\"@type\":\"ReadAction\",\"target\":[\"https:\/\/tecsir.com\/aviso-de-privacidad\/\"]}]},{\"@type\":\"BreadcrumbList\",\"@id\":\"https:\/\/tecsir.com\/aviso-de-privacidad\/#breadcrumb\",\"itemListElement\":[{\"@type\":\"ListItem\",\"position\":1,\"name\":\"Inicio\",\"item\":\"https:\/\/tecsir.com\/\"},{\"@type\":\"ListItem\",\"position\":2,\"name\":\"Aviso de Privacidad\"}]},{\"@type\":\"WebSite\",\"@id\":\"https:\/\/tecsir.com\/#website\",\"url\":\"https:\/\/tecsir.com\/\",\"name\":\"Grupo Tecsir\",\"description\":\"Venta y Renta de Chillers\",\"publisher\":{\"@id\":\"https:\/\/tecsir.com\/#organization\"},\"potentialAction\":[{\"@type\":\"SearchAction\",\"target\":{\"@type\":\"EntryPoint\",\"urlTemplate\":\"https:\/\/tecsir.com\/?s={search_term_string}\"},\"query-input\":{\"@type\":\"PropertyValueSpecification\",\"valueRequired\":true,\"valueName\":\"search_term_string\"}}],\"inLanguage\":\"en-US\"},{\"@type\":\"Organization\",\"@id\":\"https:\/\/tecsir.com\/#organization\",\"name\":\"Grupo Tecsir\",\"url\":\"https:\/\/tecsir.com\/\",\"logo\":{\"@type\":\"ImageObject\",\"inLanguage\":\"en-US\",\"@id\":\"https:\/\/tecsir.com\/#\/schema\/logo\/image\/\",\"url\":\"https:\/\/tecsir.com\/wp-content\/uploads\/2025\/08\/Logo-Tecsir.png\",\"contentUrl\":\"https:\/\/tecsir.com\/wp-content\/uploads\/2025\/08\/Logo-Tecsir.png\",\"width\":176,\"height\":80,\"caption\":\"Grupo Tecsir\"},\"image\":{\"@id\":\"https:\/\/tecsir.com\/#\/schema\/logo\/image\/\"}}]}<\/script>\n<!-- \/ Yoast SEO plugin. -->","yoast_head_json":{"title":"Aviso de Privacidad - Grupo Tecsir","robots":{"index":"index","follow":"follow","max-snippet":"max-snippet:-1","max-image-preview":"max-image-preview:large","max-video-preview":"max-video-preview:-1"},"canonical":"https:\/\/tecsir.com\/en\/aviso-de-privacidad\/","og_locale":"en_US","og_type":"article","og_title":"Aviso de Privacidad - Grupo Tecsir","og_description":"AVISO DE PRIVACIDAD TECNOLOGIA EN SISTEMAS DE REFRIGERACION S.A. DE C.V., con domicilio en\u00a0TOPO CHICO NO.500\u00a0PARQUE INDUSTRIAL KRONOS, APODACA, NL. M\u00c9XICO C.P. 66603\u00a0y portal de internet [\u2026]","og_url":"https:\/\/tecsir.com\/en\/aviso-de-privacidad\/","og_site_name":"Grupo Tecsir","article_modified_time":"2025-11-20T22:51:29+00:00","twitter_card":"summary_large_image","twitter_misc":{"Est. reading time":"6 minutes"},"schema":{"@context":"https:\/\/schema.org","@graph":[{"@type":"WebPage","@id":"https:\/\/tecsir.com\/aviso-de-privacidad\/","url":"https:\/\/tecsir.com\/aviso-de-privacidad\/","name":"Aviso de Privacidad - Grupo Tecsir","isPartOf":{"@id":"https:\/\/tecsir.com\/#website"},"datePublished":"2025-11-20T22:44:16+00:00","dateModified":"2025-11-20T22:51:29+00:00","breadcrumb":{"@id":"https:\/\/tecsir.com\/aviso-de-privacidad\/#breadcrumb"},"inLanguage":"en-US","potentialAction":[{"@type":"ReadAction","target":["https:\/\/tecsir.com\/aviso-de-privacidad\/"]}]},{"@type":"BreadcrumbList","@id":"https:\/\/tecsir.com\/aviso-de-privacidad\/#breadcrumb","itemListElement":[{"@type":"ListItem","position":1,"name":"Inicio","item":"https:\/\/tecsir.com\/"},{"@type":"ListItem","position":2,"name":"Aviso de Privacidad"}]},{"@type":"WebSite","@id":"https:\/\/tecsir.com\/#website","url":"https:\/\/tecsir.com\/","name":"Grupo Tecsir","description":"Venta y Renta de Chillers","publisher":{"@id":"https:\/\/tecsir.com\/#organization"},"potentialAction":[{"@type":"SearchAction","target":{"@type":"EntryPoint","urlTemplate":"https:\/\/tecsir.com\/?s={search_term_string}"},"query-input":{"@type":"PropertyValueSpecification","valueRequired":true,"valueName":"search_term_string"}}],"inLanguage":"en-US"},{"@type":"Organization","@id":"https:\/\/tecsir.com\/#organization","name":"Grupo Tecsir","url":"https:\/\/tecsir.com\/","logo":{"@type":"ImageObject","inLanguage":"en-US","@id":"https:\/\/tecsir.com\/#\/schema\/logo\/image\/","url":"https:\/\/tecsir.com\/wp-content\/uploads\/2025\/08\/Logo-Tecsir.png","contentUrl":"https:\/\/tecsir.com\/wp-content\/uploads\/2025\/08\/Logo-Tecsir.png","width":176,"height":80,"caption":"Grupo Tecsir"},"image":{"@id":"https:\/\/tecsir.com\/#\/schema\/logo\/image\/"}}]}},"_links":{"self":[{"href":"https:\/\/tecsir.com\/en\/wp-json\/wp\/v2\/pages\/5342","targetHints":{"allow":["GET"]}}],"collection":[{"href":"https:\/\/tecsir.com\/en\/wp-json\/wp\/v2\/pages"}],"about":[{"href":"https:\/\/tecsir.com\/en\/wp-json\/wp\/v2\/types\/page"}],"author":[{"embeddable":true,"href":"https:\/\/tecsir.com\/en\/wp-json\/wp\/v2\/users\/1"}],"replies":[{"embeddable":true,"href":"https:\/\/tecsir.com\/en\/wp-json\/wp\/v2\/comments?post=5342"}],"version-history":[{"count":5,"href":"https:\/\/tecsir.com\/en\/wp-json\/wp\/v2\/pages\/5342\/revisions"}],"predecessor-version":[{"id":5368,"href":"https:\/\/tecsir.com\/en\/wp-json\/wp\/v2\/pages\/5342\/revisions\/5368"}],"wp:featuredmedia":[{"embeddable":true,"href":"https:\/\/tecsir.com\/en\/wp-json\/"}],"wp:attachment":[{"href":"https:\/\/tecsir.com\/en\/wp-json\/wp\/v2\/media?parent=5342"}],"curies":[{"name":"wp","href":"https:\/\/api.w.org\/{rel}","templated":true}]}}